{"id":50,"date":"2025-08-22T13:26:26","date_gmt":"2025-08-22T11:26:26","guid":{"rendered":"https:\/\/mirza.lunagramstudio.hu\/?page_id=50"},"modified":"2025-08-26T16:10:04","modified_gmt":"2025-08-26T14:10:04","slug":"kapcsolat","status":"publish","type":"page","link":"https:\/\/mirza.lunagramstudio.hu\/index.php\/kapcsolat\/","title":{"rendered":"Kapcsolat"},"content":{"rendered":"\t\t<div data-elementor-type=\"wp-page\" data-elementor-id=\"50\" class=\"elementor elementor-50\" data-elementor-post-type=\"page\">\n\t\t\t\t\t\t<section class=\"elementor-section elementor-top-section elementor-element elementor-element-2adb122b elementor-section-full_width elementor-section-height-min-height elementor-section-items-stretch elementor-section-height-default\" data-id=\"2adb122b\" data-element_type=\"section\" data-settings=\"{&quot;background_background&quot;:&quot;classic&quot;,&quot;background_motion_fx_motion_fx_scrolling&quot;:&quot;yes&quot;,&quot;background_motion_fx_scale_effect&quot;:&quot;yes&quot;,&quot;background_motion_fx_scale_speed&quot;:{&quot;unit&quot;:&quot;px&quot;,&quot;size&quot;:2,&quot;sizes&quot;:[]},&quot;background_motion_fx_scale_range&quot;:{&quot;unit&quot;:&quot;%&quot;,&quot;size&quot;:&quot;&quot;,&quot;sizes&quot;:{&quot;start&quot;:50,&quot;end&quot;:100}},&quot;background_motion_fx_scale_direction&quot;:&quot;out-in&quot;,&quot;background_motion_fx_devices&quot;:[&quot;desktop&quot;,&quot;tablet&quot;,&quot;mobile&quot;]}\">\n\t\t\t\t\t\t\t<div class=\"elementor-background-overlay\"><\/div>\n\t\t\t\t\t\t\t<div class=\"elementor-container elementor-column-gap-no\">\n\t\t\t\t\t<div class=\"elementor-column elementor-col-100 elementor-top-column elementor-element elementor-element-33dd1e8d\" data-id=\"33dd1e8d\" data-element_type=\"column\">\n\t\t\t<div class=\"elementor-widget-wrap elementor-element-populated\">\n\t\t\t\t\t\t<div class=\"elementor-element elementor-element-1f029f67 elementor-invisible elementor-widget elementor-widget-heading\" data-id=\"1f029f67\" data-element_type=\"widget\" data-settings=\"{&quot;_animation&quot;:&quot;slideInUp&quot;}\" data-widget_type=\"heading.default\">\n\t\t\t\t\t<h1 class=\"elementor-heading-title elementor-size-default\">404<\/h1>\t\t\t\t<\/div>\n\t\t\t\t<div class=\"elementor-element elementor-element-781a3580 elementor-invisible elementor-widget elementor-widget-heading\" data-id=\"781a3580\" data-element_type=\"widget\" data-settings=\"{&quot;_animation&quot;:&quot;slideInDown&quot;}\" data-widget_type=\"heading.default\">\n\t\t\t\t\t<h1 class=\"elementor-heading-title elementor-size-default\">Ez az oldal m\u00e9g nem k\u00e9sz\u00fclt el<\/h1>\t\t\t\t<\/div>\n\t\t\t\t<div class=\"elementor-element elementor-element-121831e1 elementor-align-center elementor-invisible elementor-widget elementor-widget-button\" data-id=\"121831e1\" data-element_type=\"widget\" data-settings=\"{&quot;_animation&quot;:&quot;slideInDown&quot;}\" data-widget_type=\"button.default\">\n\t\t\t\t\t\t\t\t\t\t<a class=\"elementor-button elementor-button-link elementor-size-sm\" href=\"https:\/\/mirza.lunagramstudio.hu\">\n\t\t\t\t\t\t<span class=\"elementor-button-content-wrapper\">\n\t\t\t\t\t\t\t\t\t<span class=\"elementor-button-text\">Vissza a Kezd\u0151oldalra<\/span>\n\t\t\t\t\t<\/span>\n\t\t\t\t\t<\/a>\n\t\t\t\t\t\t\t\t<\/div>\n\t\t\t\t\t<\/div>\n\t\t<\/div>\n\t\t\t\t\t<\/div>\n\t\t<\/section>\n\t\t\t\t<\/div>\n\t\t","protected":false},"excerpt":{"rendered":"<p>404 Ez az oldal m\u00e9g nem k\u00e9sz\u00fclt el Vissza a Kezd\u0151oldalra<\/p>\n","protected":false},"author":1,"featured_media":27,"parent":0,"menu_order":0,"comment_status":"closed","ping_status":"closed","template":"","meta":{"footnotes":""},"class_list":["post-50","page","type-page","status-publish","has-post-thumbnail","hentry"],"yoast_head":"<!-- This site is optimized with the Yoast SEO plugin v25.7 - https:\/\/yoast.com\/wordpress\/plugins\/seo\/ -->\n<title>Kapcsolat - Mirza Ad\u00f3tan\u00e1csad\u00f3<\/title>\n<meta name=\"robots\" content=\"noindex, follow, max-snippet:-1, max-image-preview:large, max-video-preview:-1\" \/>\n<meta property=\"og:locale\" content=\"hu_HU\" \/>\n<meta property=\"og:type\" content=\"article\" \/>\n<meta property=\"og:title\" content=\"Kapcsolat - Mirza Ad\u00f3tan\u00e1csad\u00f3\" \/>\n<meta property=\"og:description\" content=\"404 Ez az oldal m\u00e9g nem k\u00e9sz\u00fclt el Vissza a Kezd\u0151oldalra\" \/>\n<meta property=\"og:url\" content=\"https:\/\/mirza.lunagramstudio.hu\/index.php\/kapcsolat\/\" \/>\n<meta property=\"og:site_name\" content=\"Mirza Ad\u00f3tan\u00e1csad\u00f3\" \/>\n<meta property=\"article:modified_time\" content=\"2025-08-26T14:10:04+00:00\" \/>\n<meta property=\"og:image\" content=\"https:\/\/mirza.lunagramstudio.hu\/wp-content\/uploads\/rolunk-3.jpg\" \/>\n\t<meta property=\"og:image:width\" content=\"667\" \/>\n\t<meta property=\"og:image:height\" content=\"1000\" \/>\n\t<meta property=\"og:image:type\" content=\"image\/jpeg\" \/>\n<meta name=\"twitter:card\" content=\"summary_large_image\" \/>\n<meta name=\"twitter:label1\" content=\"Becs\u00fclt olvas\u00e1si id\u0151\" \/>\n\t<meta name=\"twitter:data1\" content=\"1 perc\" \/>\n<script type=\"application\/ld+json\" class=\"yoast-schema-graph\">{\"@context\":\"https:\/\/schema.org\",\"@graph\":[{\"@type\":\"WebPage\",\"@id\":\"https:\/\/mirza.lunagramstudio.hu\/index.php\/kapcsolat\/\",\"url\":\"https:\/\/mirza.lunagramstudio.hu\/index.php\/kapcsolat\/\",\"name\":\"Kapcsolat - Mirza Ad\u00f3tan\u00e1csad\u00f3\",\"isPartOf\":{\"@id\":\"https:\/\/mirza.lunagramstudio.hu\/#website\"},\"primaryImageOfPage\":{\"@id\":\"https:\/\/mirza.lunagramstudio.hu\/index.php\/kapcsolat\/#primaryimage\"},\"image\":{\"@id\":\"https:\/\/mirza.lunagramstudio.hu\/index.php\/kapcsolat\/#primaryimage\"},\"thumbnailUrl\":\"https:\/\/mirza.lunagramstudio.hu\/wp-content\/uploads\/rolunk-3.jpg\",\"datePublished\":\"2025-08-22T11:26:26+00:00\",\"dateModified\":\"2025-08-26T14:10:04+00:00\",\"breadcrumb\":{\"@id\":\"https:\/\/mirza.lunagramstudio.hu\/index.php\/kapcsolat\/#breadcrumb\"},\"inLanguage\":\"hu\",\"potentialAction\":[{\"@type\":\"ReadAction\",\"target\":[\"https:\/\/mirza.lunagramstudio.hu\/index.php\/kapcsolat\/\"]}]},{\"@type\":\"ImageObject\",\"inLanguage\":\"hu\",\"@id\":\"https:\/\/mirza.lunagramstudio.hu\/index.php\/kapcsolat\/#primaryimage\",\"url\":\"https:\/\/mirza.lunagramstudio.hu\/wp-content\/uploads\/rolunk-3.jpg\",\"contentUrl\":\"https:\/\/mirza.lunagramstudio.hu\/wp-content\/uploads\/rolunk-3.jpg\",\"width\":667,\"height\":1000},{\"@type\":\"BreadcrumbList\",\"@id\":\"https:\/\/mirza.lunagramstudio.hu\/index.php\/kapcsolat\/#breadcrumb\",\"itemListElement\":[{\"@type\":\"ListItem\",\"position\":1,\"name\":\"Kezd\u0151lap\",\"item\":\"https:\/\/mirza.lunagramstudio.hu\/\"},{\"@type\":\"ListItem\",\"position\":2,\"name\":\"Kapcsolat\"}]},{\"@type\":\"WebSite\",\"@id\":\"https:\/\/mirza.lunagramstudio.hu\/#website\",\"url\":\"https:\/\/mirza.lunagramstudio.hu\/\",\"name\":\"Mirza Ad\u00f3tan\u00e1csad\u00f3\",\"description\":\"\",\"potentialAction\":[{\"@type\":\"SearchAction\",\"target\":{\"@type\":\"EntryPoint\",\"urlTemplate\":\"https:\/\/mirza.lunagramstudio.hu\/?s={search_term_string}\"},\"query-input\":{\"@type\":\"PropertyValueSpecification\",\"valueRequired\":true,\"valueName\":\"search_term_string\"}}],\"inLanguage\":\"hu\"}]}<\/script>\n<!-- \/ Yoast SEO plugin. -->","yoast_head_json":{"title":"Kapcsolat - Mirza Ad\u00f3tan\u00e1csad\u00f3","robots":{"index":"noindex","follow":"follow","max-snippet":"max-snippet:-1","max-image-preview":"max-image-preview:large","max-video-preview":"max-video-preview:-1"},"og_locale":"hu_HU","og_type":"article","og_title":"Kapcsolat - Mirza Ad\u00f3tan\u00e1csad\u00f3","og_description":"404 Ez az oldal m\u00e9g nem k\u00e9sz\u00fclt el Vissza a Kezd\u0151oldalra","og_url":"https:\/\/mirza.lunagramstudio.hu\/index.php\/kapcsolat\/","og_site_name":"Mirza Ad\u00f3tan\u00e1csad\u00f3","article_modified_time":"2025-08-26T14:10:04+00:00","og_image":[{"width":667,"height":1000,"url":"https:\/\/mirza.lunagramstudio.hu\/wp-content\/uploads\/rolunk-3.jpg","type":"image\/jpeg"}],"twitter_card":"summary_large_image","twitter_misc":{"Becs\u00fclt olvas\u00e1si id\u0151":"1 perc"},"schema":{"@context":"https:\/\/schema.org","@graph":[{"@type":"WebPage","@id":"https:\/\/mirza.lunagramstudio.hu\/index.php\/kapcsolat\/","url":"https:\/\/mirza.lunagramstudio.hu\/index.php\/kapcsolat\/","name":"Kapcsolat - Mirza Ad\u00f3tan\u00e1csad\u00f3","isPartOf":{"@id":"https:\/\/mirza.lunagramstudio.hu\/#website"},"primaryImageOfPage":{"@id":"https:\/\/mirza.lunagramstudio.hu\/index.php\/kapcsolat\/#primaryimage"},"image":{"@id":"https:\/\/mirza.lunagramstudio.hu\/index.php\/kapcsolat\/#primaryimage"},"thumbnailUrl":"https:\/\/mirza.lunagramstudio.hu\/wp-content\/uploads\/rolunk-3.jpg","datePublished":"2025-08-22T11:26:26+00:00","dateModified":"2025-08-26T14:10:04+00:00","breadcrumb":{"@id":"https:\/\/mirza.lunagramstudio.hu\/index.php\/kapcsolat\/#breadcrumb"},"inLanguage":"hu","potentialAction":[{"@type":"ReadAction","target":["https:\/\/mirza.lunagramstudio.hu\/index.php\/kapcsolat\/"]}]},{"@type":"ImageObject","inLanguage":"hu","@id":"https:\/\/mirza.lunagramstudio.hu\/index.php\/kapcsolat\/#primaryimage","url":"https:\/\/mirza.lunagramstudio.hu\/wp-content\/uploads\/rolunk-3.jpg","contentUrl":"https:\/\/mirza.lunagramstudio.hu\/wp-content\/uploads\/rolunk-3.jpg","width":667,"height":1000},{"@type":"BreadcrumbList","@id":"https:\/\/mirza.lunagramstudio.hu\/index.php\/kapcsolat\/#breadcrumb","itemListElement":[{"@type":"ListItem","position":1,"name":"Kezd\u0151lap","item":"https:\/\/mirza.lunagramstudio.hu\/"},{"@type":"ListItem","position":2,"name":"Kapcsolat"}]},{"@type":"WebSite","@id":"https:\/\/mirza.lunagramstudio.hu\/#website","url":"https:\/\/mirza.lunagramstudio.hu\/","name":"Mirza Ad\u00f3tan\u00e1csad\u00f3","description":"","potentialAction":[{"@type":"SearchAction","target":{"@type":"EntryPoint","urlTemplate":"https:\/\/mirza.lunagramstudio.hu\/?s={search_term_string}"},"query-input":{"@type":"PropertyValueSpecification","valueRequired":true,"valueName":"search_term_string"}}],"inLanguage":"hu"}]}},"_links":{"self":[{"href":"https:\/\/mirza.lunagramstudio.hu\/index.php\/wp-json\/wp\/v2\/pages\/50","targetHints":{"allow":["GET"]}}],"collection":[{"href":"https:\/\/mirza.lunagramstudio.hu\/index.php\/wp-json\/wp\/v2\/pages"}],"about":[{"href":"https:\/\/mirza.lunagramstudio.hu\/index.php\/wp-json\/wp\/v2\/types\/page"}],"author":[{"embeddable":true,"href":"https:\/\/mirza.lunagramstudio.hu\/index.php\/wp-json\/wp\/v2\/users\/1"}],"replies":[{"embeddable":true,"href":"https:\/\/mirza.lunagramstudio.hu\/index.php\/wp-json\/wp\/v2\/comments?post=50"}],"version-history":[{"count":28,"href":"https:\/\/mirza.lunagramstudio.hu\/index.php\/wp-json\/wp\/v2\/pages\/50\/revisions"}],"predecessor-version":[{"id":382,"href":"https:\/\/mirza.lunagramstudio.hu\/index.php\/wp-json\/wp\/v2\/pages\/50\/revisions\/382"}],"wp:featuredmedia":[{"embeddable":true,"href":"https:\/\/mirza.lunagramstudio.hu\/index.php\/wp-json\/wp\/v2\/media\/27"}],"wp:attachment":[{"href":"https:\/\/mirza.lunagramstudio.hu\/index.php\/wp-json\/wp\/v2\/media?parent=50"}],"curies":[{"name":"wp","href":"https:\/\/api.w.org\/{rel}","templated":true}]}}